{"id":849,"date":"2025-05-28T07:30:53","date_gmt":"2025-05-28T07:30:53","guid":{"rendered":"https:\/\/wpromailsmtp.com\/?page_id=849"},"modified":"2025-06-20T14:25:38","modified_gmt":"2025-06-20T14:25:38","slug":"chi-siamo","status":"publish","type":"page","link":"https:\/\/wpromailsmtp.com\/it\/chi-siamo\/","title":{"rendered":"Chi Siamo"},"content":{"rendered":"\n<section class=\"gb-element-fbec21ea\">\n<div class=\"gb-element-72213e5f\">\n<h1 class=\"gb-text gb-text-cb2b8b14\">Chi Siamo<\/h1>\n<\/div>\n<\/section>\n\n\n\n<section class=\"gb-element-2359b470\">\n<div class=\"gb-element-79bb2e34\">\n<img loading=\"lazy\" decoding=\"async\" width=\"800\" height=\"201\" class=\"gb-media-5821f618\" src=\"https:\/\/wpromailsmtp.com\/wp-content\/uploads\/2025\/05\/edisplay-logo.png\" title=\"edisplay-logo\" srcset=\"https:\/\/wpromailsmtp.com\/wp-content\/uploads\/2025\/05\/edisplay-logo.png 800w, https:\/\/wpromailsmtp.com\/wp-content\/uploads\/2025\/05\/edisplay-logo-300x75.png 300w, https:\/\/wpromailsmtp.com\/wp-content\/uploads\/2025\/05\/edisplay-logo-768x193.png 768w\" sizes=\"auto, (max-width: 800px) 100vw, 800px\" \/>\n\n\n\n<p>In PRO Mail SMTP, ci dedichiamo a migliorare la tua esperienza di invio email. Il nostro plugin \u00e8 sviluppato e mantenuto da Edisplay Srl, un ISV (Independent Software Vendor) italiano con una solida esperienza nella creazione di soluzioni digitali innovative.<\/p>\n\n\n\n<h2 class=\"gb-text gb-text-dc901cf3\">La nostra Storia<\/h2>\n\n\n\n<p>Fondata nel 2002, Edisplay Srl ha sede a Fonni, in Sardegna (Italia). Negli anni abbiamo ampliato la nostra presenza con uffici a Milano, Cagliari e San Diego (USA). Il nostro team \u00e8 composto da professionisti appassionati, impegnati a offrire soluzioni software di altissimo livello, in grado di soddisfare le esigenze in continua evoluzione della nostra clientela internazionale.<\/p>\n\n\n\n<h2 class=\"gb-text gb-text-6777d32e\">La nostra Missione<\/h2>\n\n\n\n<p>La nostra missione \u00e8 semplificare e ottimizzare la comunicazione digitale. Vogliamo fornire strumenti affidabili e intuitivi che aiutino aziende e privati a gestire con efficacia le proprie campagne email, garantendo che i messaggi raggiungano i destinatari senza complicazioni.<\/p>\n\n\n\n<h2 class=\"gb-text gb-text-497abd63\">La nostra Esperienza<\/h2>\n\n\n\n<p>Con decenni di esperienza nello sviluppo software, Edisplay Srl \u00e8 specializzata nella creazione di soluzioni cloud e desktop pensate per il digital marketing e la comunicazione. Il nostro obiettivo \u00e8 offrire strumenti intuitivi, efficienti e scalabili, che supportino le aziende nel raggiungimento dei propri obiettivi di marketing.<\/p>\n\n\n\n<h2 class=\"gb-text gb-text-6440e8ce\">Impegno per la Qualit\u00e0<\/h2>\n\n\n\n<p>La qualit\u00e0 \u00e8 al centro di tutto ci\u00f2 che facciamo. Dallo sviluppo, all\u2019assistenza clienti, adottiamo standard rigorosi per garantire che i nostri prodotti non solo soddisfino, ma superino le aspettative degli utenti. La nostra dedizione all\u2019eccellenza ci ha resi un punto di riferimento affidabile nel settore del software.<\/p>\n\n\n\n<h2 class=\"gb-text gb-text-59ce8c97\">Contattaci<\/h2>\n\n\n\n<p>Crediamo nella comunicazione aperta e siamo sempre a disposizione per aiutarti. Per richieste, assistenza o feedback, non esitare a contattarci:<\/p>\n\n\n\n<p><strong>Edisplay Srl<\/strong><br>Viale del Lavoro, 53<br>08023 Fonni (NU) \u2013 Italia<br>Tel. <a href=\"tel:+3907841832621\">+39 0784 1832621<\/a><br>E-mail: <a href=\"mailto:info@edisplay.it\">info@edisplay.it<\/a><\/p>\n<\/div>\n<\/section>\n","protected":false},"excerpt":{"rendered":"<p>Chi Siamo In PRO Mail SMTP, ci dedichiamo a migliorare la tua esperienza di invio email. Il nostro plugin \u00e8 sviluppato e mantenuto da Edisplay Srl, un ISV (Independent Software Vendor) italiano con una solida esperienza nella creazione di soluzioni digitali innovative. La nostra Storia Fondata nel 2002, Edisplay Srl ha sede a Fonni, in &#8230; <a title=\"Chi Siamo\" class=\"read-more\" href=\"https:\/\/wpromailsmtp.com\/it\/chi-siamo\/\" aria-label=\"Per saperne di pi\u00f9 su Chi Siamo\">Leggi tutto<\/a><\/p>\n","protected":false},"author":1,"featured_media":0,"parent":0,"menu_order":0,"comment_status":"closed","ping_status":"closed","template":"","meta":{"inline_featured_image":false,"footnotes":""},"class_list":["post-849","page","type-page","status-publish"],"yoast_head":"<!-- This site is optimized with the Yoast SEO plugin v27.0 - https:\/\/yoast.com\/product\/yoast-seo-wordpress\/ -->\n<title>Chi siamo: Pro Mail SMTP ed Edisplay<\/title>\n<meta name=\"description\" content=\"Scopri di pi\u00f9 su PRO Mail SMTP ed Edisplay Srl. Conosci la nostra missione, esperienza e l\u2019impegno per migliorare la consegna delle tue email.\" \/>\n<meta name=\"robots\" content=\"index, follow, max-snippet:-1, max-image-preview:large, max-video-preview:-1\" \/>\n<link rel=\"canonical\" href=\"https:\/\/wpromailsmtp.com\/it\/chi-siamo\/\" \/>\n<meta property=\"og:locale\" content=\"it_IT\" \/>\n<meta property=\"og:type\" content=\"article\" \/>\n<meta property=\"og:title\" content=\"Chi siamo: Pro Mail SMTP ed Edisplay\" \/>\n<meta property=\"og:description\" content=\"Scopri di pi\u00f9 su PRO Mail SMTP ed Edisplay Srl. Conosci la nostra missione, esperienza e l\u2019impegno per migliorare la consegna delle tue email.\" \/>\n<meta property=\"og:url\" content=\"https:\/\/wpromailsmtp.com\/it\/chi-siamo\/\" \/>\n<meta property=\"og:site_name\" content=\"Pro Mail SMTP\" \/>\n<meta property=\"article:modified_time\" content=\"2025-06-20T14:25:38+00:00\" \/>\n<meta property=\"og:image\" content=\"https:\/\/wpromailsmtp.com\/wp-content\/uploads\/2025\/05\/edisplay-logo.png\" \/>\n<meta name=\"twitter:card\" content=\"summary_large_image\" \/>\n<script type=\"application\/ld+json\" class=\"yoast-schema-graph\">{\"@context\":\"https:\/\/schema.org\",\"@graph\":[{\"@type\":\"WebPage\",\"@id\":\"https:\/\/wpromailsmtp.com\/it\/chi-siamo\/\",\"url\":\"https:\/\/wpromailsmtp.com\/it\/chi-siamo\/\",\"name\":\"Chi siamo: Pro Mail SMTP ed Edisplay\",\"isPartOf\":{\"@id\":\"https:\/\/wpromailsmtp.com\/it\/#website\"},\"primaryImageOfPage\":{\"@id\":\"https:\/\/wpromailsmtp.com\/it\/chi-siamo\/#primaryimage\"},\"image\":{\"@id\":\"https:\/\/wpromailsmtp.com\/it\/chi-siamo\/#primaryimage\"},\"thumbnailUrl\":\"https:\/\/wpromailsmtp.com\/wp-content\/uploads\/2025\/05\/edisplay-logo.png\",\"datePublished\":\"2025-05-28T07:30:53+00:00\",\"dateModified\":\"2025-06-20T14:25:38+00:00\",\"description\":\"Scopri di pi\u00f9 su PRO Mail SMTP ed Edisplay Srl. Conosci la nostra missione, esperienza e l\u2019impegno per migliorare la consegna delle tue email.\",\"breadcrumb\":{\"@id\":\"https:\/\/wpromailsmtp.com\/it\/chi-siamo\/#breadcrumb\"},\"inLanguage\":\"it-IT\",\"potentialAction\":[{\"@type\":\"ReadAction\",\"target\":[\"https:\/\/wpromailsmtp.com\/it\/chi-siamo\/\"]}]},{\"@type\":\"ImageObject\",\"inLanguage\":\"it-IT\",\"@id\":\"https:\/\/wpromailsmtp.com\/it\/chi-siamo\/#primaryimage\",\"url\":\"https:\/\/wpromailsmtp.com\/wp-content\/uploads\/2025\/05\/edisplay-logo.png\",\"contentUrl\":\"https:\/\/wpromailsmtp.com\/wp-content\/uploads\/2025\/05\/edisplay-logo.png\"},{\"@type\":\"BreadcrumbList\",\"@id\":\"https:\/\/wpromailsmtp.com\/it\/chi-siamo\/#breadcrumb\",\"itemListElement\":[{\"@type\":\"ListItem\",\"position\":1,\"name\":\"Home\",\"item\":\"https:\/\/wpromailsmtp.com\/it\/\"},{\"@type\":\"ListItem\",\"position\":2,\"name\":\"Chi Siamo\"}]},{\"@type\":\"WebSite\",\"@id\":\"https:\/\/wpromailsmtp.com\/it\/#website\",\"url\":\"https:\/\/wpromailsmtp.com\/it\/\",\"name\":\"Pro Mail SMTP\",\"description\":\"\",\"publisher\":{\"@id\":\"https:\/\/wpromailsmtp.com\/it\/#organization\"},\"potentialAction\":[{\"@type\":\"SearchAction\",\"target\":{\"@type\":\"EntryPoint\",\"urlTemplate\":\"https:\/\/wpromailsmtp.com\/it\/?s={search_term_string}\"},\"query-input\":{\"@type\":\"PropertyValueSpecification\",\"valueRequired\":true,\"valueName\":\"search_term_string\"}}],\"inLanguage\":\"it-IT\"},{\"@type\":\"Organization\",\"@id\":\"https:\/\/wpromailsmtp.com\/it\/#organization\",\"name\":\"Pro Mail SMTP\",\"url\":\"https:\/\/wpromailsmtp.com\/it\/\",\"logo\":{\"@type\":\"ImageObject\",\"inLanguage\":\"it-IT\",\"@id\":\"https:\/\/wpromailsmtp.com\/it\/#\/schema\/logo\/image\/\",\"url\":\"https:\/\/wpromailsmtp.com\/wp-content\/uploads\/2025\/05\/logo-svg-for-wp.svg\",\"contentUrl\":\"https:\/\/wpromailsmtp.com\/wp-content\/uploads\/2025\/05\/logo-svg-for-wp.svg\",\"caption\":\"Pro Mail SMTP\"},\"image\":{\"@id\":\"https:\/\/wpromailsmtp.com\/it\/#\/schema\/logo\/image\/\"}}]}<\/script>\n<!-- \/ Yoast SEO plugin. -->","yoast_head_json":{"title":"Chi siamo: Pro Mail SMTP ed Edisplay","description":"Scopri di pi\u00f9 su PRO Mail SMTP ed Edisplay Srl. Conosci la nostra missione, esperienza e l\u2019impegno per migliorare la consegna delle tue email.","robots":{"index":"index","follow":"follow","max-snippet":"max-snippet:-1","max-image-preview":"max-image-preview:large","max-video-preview":"max-video-preview:-1"},"canonical":"https:\/\/wpromailsmtp.com\/it\/chi-siamo\/","og_locale":"it_IT","og_type":"article","og_title":"Chi siamo: Pro Mail SMTP ed Edisplay","og_description":"Scopri di pi\u00f9 su PRO Mail SMTP ed Edisplay Srl. Conosci la nostra missione, esperienza e l\u2019impegno per migliorare la consegna delle tue email.","og_url":"https:\/\/wpromailsmtp.com\/it\/chi-siamo\/","og_site_name":"Pro Mail SMTP","article_modified_time":"2025-06-20T14:25:38+00:00","og_image":[{"url":"https:\/\/wpromailsmtp.com\/wp-content\/uploads\/2025\/05\/edisplay-logo.png","type":"","width":"","height":""}],"twitter_card":"summary_large_image","schema":{"@context":"https:\/\/schema.org","@graph":[{"@type":"WebPage","@id":"https:\/\/wpromailsmtp.com\/it\/chi-siamo\/","url":"https:\/\/wpromailsmtp.com\/it\/chi-siamo\/","name":"Chi siamo: Pro Mail SMTP ed Edisplay","isPartOf":{"@id":"https:\/\/wpromailsmtp.com\/it\/#website"},"primaryImageOfPage":{"@id":"https:\/\/wpromailsmtp.com\/it\/chi-siamo\/#primaryimage"},"image":{"@id":"https:\/\/wpromailsmtp.com\/it\/chi-siamo\/#primaryimage"},"thumbnailUrl":"https:\/\/wpromailsmtp.com\/wp-content\/uploads\/2025\/05\/edisplay-logo.png","datePublished":"2025-05-28T07:30:53+00:00","dateModified":"2025-06-20T14:25:38+00:00","description":"Scopri di pi\u00f9 su PRO Mail SMTP ed Edisplay Srl. Conosci la nostra missione, esperienza e l\u2019impegno per migliorare la consegna delle tue email.","breadcrumb":{"@id":"https:\/\/wpromailsmtp.com\/it\/chi-siamo\/#breadcrumb"},"inLanguage":"it-IT","potentialAction":[{"@type":"ReadAction","target":["https:\/\/wpromailsmtp.com\/it\/chi-siamo\/"]}]},{"@type":"ImageObject","inLanguage":"it-IT","@id":"https:\/\/wpromailsmtp.com\/it\/chi-siamo\/#primaryimage","url":"https:\/\/wpromailsmtp.com\/wp-content\/uploads\/2025\/05\/edisplay-logo.png","contentUrl":"https:\/\/wpromailsmtp.com\/wp-content\/uploads\/2025\/05\/edisplay-logo.png"},{"@type":"BreadcrumbList","@id":"https:\/\/wpromailsmtp.com\/it\/chi-siamo\/#breadcrumb","itemListElement":[{"@type":"ListItem","position":1,"name":"Home","item":"https:\/\/wpromailsmtp.com\/it\/"},{"@type":"ListItem","position":2,"name":"Chi Siamo"}]},{"@type":"WebSite","@id":"https:\/\/wpromailsmtp.com\/it\/#website","url":"https:\/\/wpromailsmtp.com\/it\/","name":"Pro Mail SMTP","description":"","publisher":{"@id":"https:\/\/wpromailsmtp.com\/it\/#organization"},"potentialAction":[{"@type":"SearchAction","target":{"@type":"EntryPoint","urlTemplate":"https:\/\/wpromailsmtp.com\/it\/?s={search_term_string}"},"query-input":{"@type":"PropertyValueSpecification","valueRequired":true,"valueName":"search_term_string"}}],"inLanguage":"it-IT"},{"@type":"Organization","@id":"https:\/\/wpromailsmtp.com\/it\/#organization","name":"Pro Mail SMTP","url":"https:\/\/wpromailsmtp.com\/it\/","logo":{"@type":"ImageObject","inLanguage":"it-IT","@id":"https:\/\/wpromailsmtp.com\/it\/#\/schema\/logo\/image\/","url":"https:\/\/wpromailsmtp.com\/wp-content\/uploads\/2025\/05\/logo-svg-for-wp.svg","contentUrl":"https:\/\/wpromailsmtp.com\/wp-content\/uploads\/2025\/05\/logo-svg-for-wp.svg","caption":"Pro Mail SMTP"},"image":{"@id":"https:\/\/wpromailsmtp.com\/it\/#\/schema\/logo\/image\/"}}]}},"_links":{"self":[{"href":"https:\/\/wpromailsmtp.com\/it\/wp-json\/wp\/v2\/pages\/849","targetHints":{"allow":["GET"]}}],"collection":[{"href":"https:\/\/wpromailsmtp.com\/it\/wp-json\/wp\/v2\/pages"}],"about":[{"href":"https:\/\/wpromailsmtp.com\/it\/wp-json\/wp\/v2\/types\/page"}],"author":[{"embeddable":true,"href":"https:\/\/wpromailsmtp.com\/it\/wp-json\/wp\/v2\/users\/1"}],"replies":[{"embeddable":true,"href":"https:\/\/wpromailsmtp.com\/it\/wp-json\/wp\/v2\/comments?post=849"}],"version-history":[{"count":3,"href":"https:\/\/wpromailsmtp.com\/it\/wp-json\/wp\/v2\/pages\/849\/revisions"}],"predecessor-version":[{"id":918,"href":"https:\/\/wpromailsmtp.com\/it\/wp-json\/wp\/v2\/pages\/849\/revisions\/918"}],"wp:attachment":[{"href":"https:\/\/wpromailsmtp.com\/it\/wp-json\/wp\/v2\/media?parent=849"}],"curies":[{"name":"wp","href":"https:\/\/api.w.org\/{rel}","templated":true}]}}